{"id":6885,"date":"2020-09-04T10:59:28","date_gmt":"2020-09-04T10:59:28","guid":{"rendered":"http:\/\/demo-import.loc\/?page_id=6885"},"modified":"2023-10-04T19:54:24","modified_gmt":"2023-10-04T19:54:24","slug":"privacy-policy-2","status":"publish","type":"page","link":"https:\/\/grupoprogresar.com\/en\/privacy-policy-2\/","title":{"rendered":"pol\u00edtica de privacidad"},"content":{"rendered":"<div data-elementor-type=\"wp-page\" data-elementor-id=\"6885\" class=\"elementor elementor-6885\">\n\t\t\t\t\t\t<section class=\"elementor-section elementor-top-section elementor-element elementor-element-8ab5e55 elementor-section-boxed elementor-section-height-default elementor-section-height-default\" data-id=\"8ab5e55\" data-element_type=\"section\" data-e-type=\"section\">\n\t\t\t\t\t\t<div class=\"elementor-container elementor-column-gap-default\">\n\t\t\t\t\t<div class=\"elementor-column elementor-col-100 elementor-top-column elementor-element elementor-element-8ab6649\" data-id=\"8ab6649\" data-element_type=\"column\" data-e-type=\"column\">\n\t\t\t<div class=\"elementor-widget-wrap elementor-element-populated\">\n\t\t\t\t\t\t<div class=\"elementor-element elementor-element-8ab6cce elementor-widget elementor-widget-stm_anchors_text\" data-id=\"8ab6cce\" data-element_type=\"widget\" data-e-type=\"widget\" data-widget_type=\"stm_anchors_text.default\">\n\t\t\t\t<div class=\"elementor-widget-container\">\n\t\t\t\t\t\n<style>\n    #wrapper {\n        overflow: initial !important;\n    }\n<\/style>\n<div class=\"row privacy_policies_list\">\n    <div class=\"col-md-3 nav-col privacy_policies sticky-nav\"><ul class=\"stm_anchors_text__nav stm_anchors_text__nav--left\"><li><a href='#Introduccion'>Introducci\u00f3n<\/a><\/li><li><a href='#identificacion_personal'>Informaci\u00f3n de identificaci\u00f3n personal<\/a><\/li><li><a href='#identificacion_no_personal'>Informaci\u00f3n de identificaci\u00f3n no personal<\/a><\/li><li><a href='#cookies'>Cookies del navegador web<\/a><\/li><li><a href='#uso_informacion_recopilada'>C\u00f3mo utilizamos la informaci\u00f3n recopilada<\/a><\/li><li><a href='#proteccion_informacion'>C\u00f3mo protegemos su informaci\u00f3n<\/a><\/li><li><a href='#privacidad_infantil'>Cumplimiento de la ley de protecci\u00f3n de la privacidad infantil en l\u00ednea<\/a><\/li><li><a href='#cambios_politica_privacidad'>Cambios en esta pol\u00edtica de privacidad<\/a><\/li><li><a href='#aceptacion_terminos'>Su aceptaci\u00f3n de estos t\u00e9rminos<\/a><\/li><li><a href='#contactanos'>Contact Us<\/a><\/li><\/ul><\/div><div class=\"col-md-9 content-col privacy_policies\"><article id='Introduccion'><h3>Introducci\u00f3n<\/h3><div>Esta Pol\u00edtica de Privacidad rige la manera en que Grupo Progresar recopila, utiliza, mantiene y divulga informaci\u00f3n recopilada de los usuarios (cada uno, un \"Usuario\") del sitio web https:\/\/grupoprogresar.com (\"Sitio\"). Esta pol\u00edtica de privacidad se aplica al Sitio y a todos los productos y servicios ofrecidos por Grupo Progresar.\n\nUtilizamos la herramienta de consentimiento \"Real Cookie Banner\". Los detalles sobre c\u00f3mo funciona se pueden encontrar en <a href=\"https:\/\/devowl.io\/rcb\/data-processing\/\" rel=\"noreferrer\" target=\"_blank\">https:\/\/devowl. io\/rcb\/procesamiento-de-datos\/<\/a>.\nLa base legal para el procesamiento de datos personales en este contexto es el art. 6 (1) lit. c RGPD y Art. 6 (1) lit. f RGPD. Nuestro inter\u00e9s leg\u00edtimo es la gesti\u00f3n de las cookies y tecnolog\u00edas similares utilizadas y los consentimientos relacionados.\n\nEl suministro de datos personales no es contractual ni necesario para la celebraci\u00f3n de un contrato. No est\u00e1s obligado a facilitar los datos personales. Si no proporcionas los datos personales, no podremos gestionar tus permisos.<\/div><\/article><article id='identificacion_personal'><h3>Informaci\u00f3n de identificaci\u00f3n personal<\/h3><div>Podemos recopilar informaci\u00f3n de identificaci\u00f3n personal de los Usuarios de diversas maneras, incluidas, entre otras, cuando los Usuarios visitan nuestro sitio, se registran en el sitio, se suscriben al bolet\u00edn informativo, responden a una encuesta, completan un formulario y en conexi\u00f3n. con otras actividades, servicios, caracter\u00edsticas o recursos que ponemos a disposici\u00f3n en nuestro Sitio. A los usuarios se les podr\u00e1 solicitar, seg\u00fan corresponda, nombre, direcci\u00f3n de correo electr\u00f3nico, n\u00famero de tel\u00e9fono. Sin embargo, los usuarios pueden visitar nuestro Sitio de forma an\u00f3nima. Recopilaremos informaci\u00f3n de identificaci\u00f3n personal de los Usuarios solo si nos env\u00edan voluntariamente dicha informaci\u00f3n. Los usuarios siempre pueden negarse a proporcionar informaci\u00f3n de identificaci\u00f3n personal, excepto que pueda impedirles participar en ciertas actividades relacionadas con el Sitio.<\/div><\/article><article id='identificacion_no_personal'><h3>Informaci\u00f3n de identificaci\u00f3n no personal<\/h3><div>Podemos recopilar informaci\u00f3n de identificaci\u00f3n no personal sobre los Usuarios cada vez que interact\u00faan con nuestro Sitio. La informaci\u00f3n de identificaci\u00f3n no personal puede incluir el nombre del navegador, el tipo de computadora e informaci\u00f3n t\u00e9cnica sobre los medios de conexi\u00f3n de los Usuarios a nuestro Sitio, como el sistema operativo y los proveedores de servicios de Internet utilizados y otra informaci\u00f3n similar.<\/div><\/article><article id='cookies'><h3>Cookies del navegador web<\/h3><div>Nuestro Sitio puede utilizar \"cookies\" para mejorar la experiencia del Usuario. El navegador web del usuario coloca cookies en su disco duro con fines de mantenimiento de registros y, a veces, para rastrear informaci\u00f3n sobre ellos. El usuario puede optar por configurar su navegador web para que rechace las cookies o para que le avise cuando se env\u00eden cookies. Si lo hacen, tenga en cuenta que es posible que algunas partes del Sitio no funcionen correctamente.<\/div><\/article><article id='uso_informacion_recopilada'><h3>C\u00f3mo utilizamos la informaci\u00f3n recopilada<\/h3><div>Grupo Progresar puede recopilar y utilizar informaci\u00f3n personal de los Usuarios para los siguientes fines:\n\nPara mejorar el servicio al cliente\nLa informaci\u00f3n que usted proporciona nos ayuda a responder a sus solicitudes de servicio al cliente y necesidades de soporte de manera m\u00e1s eficiente.\nPara personalizar la experiencia del usuario\nPodemos utilizar informaci\u00f3n en conjunto para comprender c\u00f3mo nuestros Usuarios como grupo utilizan los servicios y recursos proporcionados en nuestro Sitio.\nPara mejorar nuestro sitio\nPodemos utilizar los comentarios que nos proporcione para mejorar nuestros productos y servicios.\nPodemos utilizar la informaci\u00f3n que los Usuarios proporcionan sobre s\u00ed mismos al realizar un pedido \u00fanicamente para brindar servicio a ese pedido. No compartimos esta informaci\u00f3n con terceros excepto en la medida necesaria para proporcionar el servicio.\nPara ejecutar una promoci\u00f3n, concurso, encuesta u otra caracter\u00edstica del Sitio\nPara enviar a los Usuarios informaci\u00f3n que aceptaron recibir sobre temas que creemos que ser\u00e1n de su inter\u00e9s.\nPara enviar correos electr\u00f3nicos peri\u00f3dicos\nSi el Usuario decide suscribirse a nuestra lista de correo, recibir\u00e1 correos electr\u00f3nicos que pueden incluir noticias de la empresa, actualizaciones, informaci\u00f3n relacionada con productos o servicios, etc.\nSi en alg\u00fan momento el Usuario desea cancelar su suscripci\u00f3n para no recibir futuros correos electr\u00f3nicos, incluimos instrucciones detalladas para cancelar la suscripci\u00f3n en la parte inferior de cada correo electr\u00f3nico o el Usuario puede comunicarse con nosotros a trav\u00e9s de nuestro Sitio.\nLa informaci\u00f3n puede compartirse con terceros con fines de marketing u otros fines.<\/div><\/article><article id='proteccion_informacion'><h3>C\u00f3mo protegemos su informaci\u00f3n<\/h3><div>Adoptamos pr\u00e1cticas apropiadas de recopilaci\u00f3n, almacenamiento y procesamiento de datos y medidas de seguridad para proteger contra el acceso no autorizado, alteraci\u00f3n, divulgaci\u00f3n o destrucci\u00f3n de su informaci\u00f3n personal, nombre de usuario, contrase\u00f1a, informaci\u00f3n de transacciones y datos almacenados en nuestro Sitio.\n\nNuestro Sitio cumple con los est\u00e1ndares de vulnerabilidad PCI para crear un entorno lo m\u00e1s seguro posible para los Usuarios.<\/div><\/article><article id='privacidad_infantil'><h3>Cumplimiento de la ley de protecci\u00f3n de la privacidad infantil en l\u00ednea<\/h3><div>Proteger la privacidad de los m\u00e1s j\u00f3venes es especialmente importante. Por esa raz\u00f3n, nunca recopilamos ni mantenemos informaci\u00f3n en nuestro Sitio de aquellos que sabemos que son menores de 13 a\u00f1os, y ninguna parte de nuestro sitio web est\u00e1 estructurada para atraer a personas menores de 13 a\u00f1os.<\/div><\/article><article id='cambios_politica_privacidad'><h3>Cambios en esta pol\u00edtica de privacidad<\/h3><div>Grupo Progresar tiene la discreci\u00f3n de actualizar esta pol\u00edtica de privacidad en cualquier momento. Cuando lo hagamos, revisaremos la fecha actualizada al final de esta p\u00e1gina. Alentamos a los usuarios a consultar con frecuencia esta p\u00e1gina para ver si hay cambios y mantenerse informados sobre c\u00f3mo estamos ayudando a proteger la informaci\u00f3n personal que recopilamos. Usted reconoce y acepta que es su responsabilidad revisar esta pol\u00edtica de privacidad peri\u00f3dicamente y estar al tanto de las modificaciones.<\/div><\/article><article id='aceptacion_terminos'><h3>Su aceptaci\u00f3n de estos t\u00e9rminos<\/h3><div>Al utilizar este Sitio, usted manifiesta su aceptaci\u00f3n de esta pol\u00edtica. Si no est\u00e1 de acuerdo con esta pol\u00edtica, no utilice nuestro Sitio. Su uso continuado del Sitio despu\u00e9s de la publicaci\u00f3n de cambios a esta pol\u00edtica se considerar\u00e1 su aceptaci\u00f3n de dichos cambios.<\/div><\/article><article id='contactanos'><h3>Contact Us<\/h3><div>Si tiene alguna pregunta sobre esta Pol\u00edtica de Privacidad, las pr\u00e1cticas de este sitio o sus relaciones con este sitio, cont\u00e1ctenos en:\n\nGrupo Progresar\n+1 303 260 9791\nmario@grupoprogresar.com\nEste documento fue actualizado por \u00faltima vez el 9\/12\/2023<\/div><\/article><\/div><\/div>\t\t\t\t<\/div>\n\t\t\t\t<\/div>\n\t\t\t\t\t<\/div>\n\t\t<\/div>\n\t\t\t\t\t<\/div>\n\t\t<\/section>\n\t\t\t\t<\/div>","protected":false},"excerpt":{"rendered":"<p>Introducci\u00f3n Informaci\u00f3n de identificaci\u00f3n personal Informaci\u00f3n de identificaci\u00f3n no personal Cookies del navegador web C\u00f3mo utilizamos la informaci\u00f3n recopilada C\u00f3mo protegemos su informaci\u00f3n Cumplimiento de la ley de protecci\u00f3n de la privacidad infantil en l\u00ednea Cambios en esta pol\u00edtica de privacidad Su aceptaci\u00f3n de estos t\u00e9rminos Cont\u00e1ctanos Introducci\u00f3n Esta Pol\u00edtica de Privacidad rige la manera<\/p>","protected":false},"author":6,"featured_media":0,"parent":0,"menu_order":0,"comment_status":"closed","ping_status":"closed","template":"","meta":{"footnotes":""},"class_list":["post-6885","page","type-page","status-publish","hentry"],"yoast_head":"<!-- This site is optimized with the Yoast SEO plugin v27.3 - https:\/\/yoast.com\/product\/yoast-seo-wordpress\/ -->\n<title>pol\u00edtica de privacidad - Grupo Progresar<\/title>\n<meta name=\"description\" content=\"Pol\u00edtica de Privacidad de Grupo Progresar: Regula c\u00f3mo recopilamos y usamos informaci\u00f3n de los usuarios en nuestro sitio y servicios\" \/>\n<meta name=\"robots\" content=\"index, follow, max-snippet:-1, max-image-preview:large, max-video-preview:-1\" \/>\n<link rel=\"canonical\" href=\"https:\/\/grupoprogresar.com\/en\/privacy-policy-2\/\" \/>\n<meta property=\"og:locale\" content=\"en_US\" \/>\n<meta property=\"og:type\" content=\"article\" \/>\n<meta property=\"og:title\" content=\"pol\u00edtica de privacidad - Grupo Progresar\" \/>\n<meta property=\"og:description\" content=\"Pol\u00edtica de Privacidad de Grupo Progresar: Regula c\u00f3mo recopilamos y usamos informaci\u00f3n de los usuarios en nuestro sitio y servicios\" \/>\n<meta property=\"og:url\" content=\"https:\/\/grupoprogresar.com\/en\/privacy-policy-2\/\" \/>\n<meta property=\"og:site_name\" content=\"Grupo Progresar\" \/>\n<meta property=\"article:modified_time\" content=\"2023-10-04T19:54:24+00:00\" \/>\n<meta name=\"twitter:card\" content=\"summary_large_image\" \/>\n<meta name=\"twitter:label1\" content=\"Est. reading time\" \/>\n\t<meta name=\"twitter:data1\" content=\"5 minutes\" \/>\n<script type=\"application\/ld+json\" class=\"yoast-schema-graph\">{\"@context\":\"https:\\\/\\\/schema.org\",\"@graph\":[{\"@type\":\"WebPage\",\"@id\":\"https:\\\/\\\/grupoprogresar.com\\\/privacy-policy-2\\\/\",\"url\":\"https:\\\/\\\/grupoprogresar.com\\\/privacy-policy-2\\\/\",\"name\":\"pol\u00edtica de privacidad - Grupo Progresar\",\"isPartOf\":{\"@id\":\"https:\\\/\\\/grupoprogresar.com\\\/#website\"},\"datePublished\":\"2020-09-04T10:59:28+00:00\",\"dateModified\":\"2023-10-04T19:54:24+00:00\",\"description\":\"Pol\u00edtica de Privacidad de Grupo Progresar: Regula c\u00f3mo recopilamos y usamos informaci\u00f3n de los usuarios en nuestro sitio y servicios\",\"breadcrumb\":{\"@id\":\"https:\\\/\\\/grupoprogresar.com\\\/privacy-policy-2\\\/#breadcrumb\"},\"inLanguage\":\"en-US\",\"potentialAction\":[{\"@type\":\"ReadAction\",\"target\":[\"https:\\\/\\\/grupoprogresar.com\\\/privacy-policy-2\\\/\"]}]},{\"@type\":\"BreadcrumbList\",\"@id\":\"https:\\\/\\\/grupoprogresar.com\\\/privacy-policy-2\\\/#breadcrumb\",\"itemListElement\":[{\"@type\":\"ListItem\",\"position\":1,\"name\":\"Home\",\"item\":\"https:\\\/\\\/grupoprogresar.com\\\/\"},{\"@type\":\"ListItem\",\"position\":2,\"name\":\"pol\u00edtica de privacidad\"}]},{\"@type\":\"WebSite\",\"@id\":\"https:\\\/\\\/grupoprogresar.com\\\/#website\",\"url\":\"https:\\\/\\\/grupoprogresar.com\\\/\",\"name\":\"Grupo Progresar\",\"description\":\"Tu cr&eacute;dito. Tu hogar. Tu futuro.\",\"publisher\":{\"@id\":\"https:\\\/\\\/grupoprogresar.com\\\/#organization\"},\"potentialAction\":[{\"@type\":\"SearchAction\",\"target\":{\"@type\":\"EntryPoint\",\"urlTemplate\":\"https:\\\/\\\/grupoprogresar.com\\\/?s={search_term_string}\"},\"query-input\":{\"@type\":\"PropertyValueSpecification\",\"valueRequired\":true,\"valueName\":\"search_term_string\"}}],\"inLanguage\":\"en-US\"},{\"@type\":\"Organization\",\"@id\":\"https:\\\/\\\/grupoprogresar.com\\\/#organization\",\"name\":\"Grupo Progresar\",\"url\":\"https:\\\/\\\/grupoprogresar.com\\\/\",\"logo\":{\"@type\":\"ImageObject\",\"inLanguage\":\"en-US\",\"@id\":\"https:\\\/\\\/grupoprogresar.com\\\/#\\\/schema\\\/logo\\\/image\\\/\",\"url\":\"https:\\\/\\\/grupoprogresar.com\\\/wp-content\\\/uploads\\\/2023\\\/09\\\/GP-Logo.png\",\"contentUrl\":\"https:\\\/\\\/grupoprogresar.com\\\/wp-content\\\/uploads\\\/2023\\\/09\\\/GP-Logo.png\",\"width\":1921,\"height\":1081,\"caption\":\"Grupo Progresar\"},\"image\":{\"@id\":\"https:\\\/\\\/grupoprogresar.com\\\/#\\\/schema\\\/logo\\\/image\\\/\"}}]}<\/script>\n<!-- \/ Yoast SEO plugin. -->","yoast_head_json":{"title":"pol\u00edtica de privacidad - Grupo Progresar","description":"Pol\u00edtica de Privacidad de Grupo Progresar: Regula c\u00f3mo recopilamos y usamos informaci\u00f3n de los usuarios en nuestro sitio y servicios","robots":{"index":"index","follow":"follow","max-snippet":"max-snippet:-1","max-image-preview":"max-image-preview:large","max-video-preview":"max-video-preview:-1"},"canonical":"https:\/\/grupoprogresar.com\/en\/privacy-policy-2\/","og_locale":"en_US","og_type":"article","og_title":"pol\u00edtica de privacidad - Grupo Progresar","og_description":"Pol\u00edtica de Privacidad de Grupo Progresar: Regula c\u00f3mo recopilamos y usamos informaci\u00f3n de los usuarios en nuestro sitio y servicios","og_url":"https:\/\/grupoprogresar.com\/en\/privacy-policy-2\/","og_site_name":"Grupo Progresar","article_modified_time":"2023-10-04T19:54:24+00:00","twitter_card":"summary_large_image","twitter_misc":{"Est. reading time":"5 minutes"},"schema":{"@context":"https:\/\/schema.org","@graph":[{"@type":"WebPage","@id":"https:\/\/grupoprogresar.com\/privacy-policy-2\/","url":"https:\/\/grupoprogresar.com\/privacy-policy-2\/","name":"pol\u00edtica de privacidad - Grupo Progresar","isPartOf":{"@id":"https:\/\/grupoprogresar.com\/#website"},"datePublished":"2020-09-04T10:59:28+00:00","dateModified":"2023-10-04T19:54:24+00:00","description":"Pol\u00edtica de Privacidad de Grupo Progresar: Regula c\u00f3mo recopilamos y usamos informaci\u00f3n de los usuarios en nuestro sitio y servicios","breadcrumb":{"@id":"https:\/\/grupoprogresar.com\/privacy-policy-2\/#breadcrumb"},"inLanguage":"en-US","potentialAction":[{"@type":"ReadAction","target":["https:\/\/grupoprogresar.com\/privacy-policy-2\/"]}]},{"@type":"BreadcrumbList","@id":"https:\/\/grupoprogresar.com\/privacy-policy-2\/#breadcrumb","itemListElement":[{"@type":"ListItem","position":1,"name":"Home","item":"https:\/\/grupoprogresar.com\/"},{"@type":"ListItem","position":2,"name":"pol\u00edtica de privacidad"}]},{"@type":"WebSite","@id":"https:\/\/grupoprogresar.com\/#website","url":"https:\/\/grupoprogresar.com\/","name":"Grupo Progresar","description":"Tu cr&eacute;dito. Tu hogar. Tu futuro.","publisher":{"@id":"https:\/\/grupoprogresar.com\/#organization"},"potentialAction":[{"@type":"SearchAction","target":{"@type":"EntryPoint","urlTemplate":"https:\/\/grupoprogresar.com\/?s={search_term_string}"},"query-input":{"@type":"PropertyValueSpecification","valueRequired":true,"valueName":"search_term_string"}}],"inLanguage":"en-US"},{"@type":"Organization","@id":"https:\/\/grupoprogresar.com\/#organization","name":"Grupo Progresar","url":"https:\/\/grupoprogresar.com\/","logo":{"@type":"ImageObject","inLanguage":"en-US","@id":"https:\/\/grupoprogresar.com\/#\/schema\/logo\/image\/","url":"https:\/\/grupoprogresar.com\/wp-content\/uploads\/2023\/09\/GP-Logo.png","contentUrl":"https:\/\/grupoprogresar.com\/wp-content\/uploads\/2023\/09\/GP-Logo.png","width":1921,"height":1081,"caption":"Grupo Progresar"},"image":{"@id":"https:\/\/grupoprogresar.com\/#\/schema\/logo\/image\/"}}]}},"_links":{"self":[{"href":"https:\/\/grupoprogresar.com\/en\/wp-json\/wp\/v2\/pages\/6885","targetHints":{"allow":["GET"]}}],"collection":[{"href":"https:\/\/grupoprogresar.com\/en\/wp-json\/wp\/v2\/pages"}],"about":[{"href":"https:\/\/grupoprogresar.com\/en\/wp-json\/wp\/v2\/types\/page"}],"author":[{"embeddable":true,"href":"https:\/\/grupoprogresar.com\/en\/wp-json\/wp\/v2\/users\/6"}],"replies":[{"embeddable":true,"href":"https:\/\/grupoprogresar.com\/en\/wp-json\/wp\/v2\/comments?post=6885"}],"version-history":[{"count":15,"href":"https:\/\/grupoprogresar.com\/en\/wp-json\/wp\/v2\/pages\/6885\/revisions"}],"predecessor-version":[{"id":19305,"href":"https:\/\/grupoprogresar.com\/en\/wp-json\/wp\/v2\/pages\/6885\/revisions\/19305"}],"wp:attachment":[{"href":"https:\/\/grupoprogresar.com\/en\/wp-json\/wp\/v2\/media?parent=6885"}],"curies":[{"name":"wp","href":"https:\/\/api.w.org\/{rel}","templated":true}]}}