{"id":6333,"date":"2019-12-10T05:14:51","date_gmt":"2019-12-10T05:14:51","guid":{"rendered":"http:\/\/demo-import.loc\/?page_id=6333"},"modified":"2023-10-04T19:39:57","modified_gmt":"2023-10-04T19:39:57","slug":"calculadora","status":"publish","type":"page","link":"https:\/\/grupoprogresar.com\/en\/calculadora\/","title":{"rendered":"Cost Calculator"},"content":{"rendered":"<div data-elementor-type=\"wp-page\" data-elementor-id=\"6333\" class=\"elementor elementor-6333\">\n\t\t\t\t\t\t<section class=\"elementor-section elementor-top-section elementor-element elementor-element-f2b7158 elementor-section-boxed elementor-section-height-default elementor-section-height-default\" data-id=\"f2b7158\" data-element_type=\"section\" data-e-type=\"section\">\n\t\t\t\t\t\t<div class=\"elementor-container elementor-column-gap-default\">\n\t\t\t\t\t<div class=\"elementor-column elementor-col-100 elementor-top-column elementor-element elementor-element-c25190d\" data-id=\"c25190d\" data-element_type=\"column\" data-e-type=\"column\">\n\t\t\t<div class=\"elementor-widget-wrap elementor-element-populated\">\n\t\t\t\t\t\t<div class=\"elementor-element elementor-element-47acdfc elementor-widget elementor-widget-heading\" data-id=\"47acdfc\" data-element_type=\"widget\" data-e-type=\"widget\" data-widget_type=\"heading.default\">\n\t\t\t\t<div class=\"elementor-widget-container\">\n\t\t\t\t\t<h2 class=\"elementor-heading-title elementor-size-default\">Calculator<\/h2>\t\t\t\t<\/div>\n\t\t\t\t<\/div>\n\t\t\t\t\t<\/div>\n\t\t<\/div>\n\t\t\t\t\t<\/div>\n\t\t<\/section>\n\t\t\t\t<section class=\"elementor-section elementor-top-section elementor-element elementor-element-76f37eb elementor-section-content-middle elementor-section-boxed elementor-section-height-default elementor-section-height-default\" data-id=\"76f37eb\" data-element_type=\"section\" data-e-type=\"section\">\n\t\t\t\t\t\t<div class=\"elementor-container elementor-column-gap-default\">\n\t\t\t\t\t<div class=\"elementor-column elementor-col-100 elementor-top-column elementor-element elementor-element-96ff511\" data-id=\"96ff511\" data-element_type=\"column\" data-e-type=\"column\">\n\t\t\t<div class=\"elementor-widget-wrap elementor-element-populated\">\n\t\t\t\t\t\t<div class=\"elementor-element elementor-element-204e96e elementor-widget elementor-widget-html\" data-id=\"204e96e\" data-element_type=\"widget\" data-e-type=\"widget\" data-widget_type=\"html.default\">\n\t\t\t\t<div class=\"elementor-widget-container\">\n\t\t\t\t\t<form class=\"mcalc mcalc-conventional mcalc-color\" name=\"cv\" id=\"id_cv\" action=\"\">\n    \n<div>\n  <div class=\"mcalc-main\">\n    <div class=\"mcalc-half mcwp-purchase\">\n      <label for=\"inp_purchase_price\">Purchase Price<\/label>\n      <i>$<\/i>\n      <input type=\"text\" name=\"purchase_price\" id=\"inp_purchase_price\" value=\"250,000\" class=\"mcalc-dollar\">\n    <\/div>\n    <div class=\"mcalc-half mcwp-term\">\n      <label for=\"mortgage_term_yr\">Mortgage Term<\/label>\n      <select name=\"mortgage_term\" id=\"mortgage_term_yr\">\n        <option value=\"30\">30 Years<\/option>\n        <option value=\"25\">25 Years<\/option>\n        <option value=\"20\">20 Years<\/option>\n        <option value=\"15\">15 Years<\/option>\n        <option value=\"10\">10 Years<\/option>\n        <option value=\"5\">5 Years<\/option>\n      <\/select>\n    <\/div>\n    <div class=\"mcalc-half mcwp-down-payment\">\n      <label class=\"mcalc-half\" for=\"down_payment_inp\">Down Payment ($)<\/label>\n\n      <input type=\"text\" name=\"down_payment\" id=\"down_payment_inp\" value=\"\"  class=\"mcalc-half\">\n\n      <input id=\"ex1 e1\" class=\"ex1 down_payment_scrl\" data-slider-id=\"ex1Slider\" type=\"text\" data-slider-min=\"0\" data-slider-max=\"80\" data-slider-step=\"1\" data-slider-value=\"5\" data-slider-arialabel=\"DP Slider\" \/>\n      <p class=\"mcalc-percent\">5%<\/p>\n    <\/div>\n\n    <div class=\"mcalc-half mcwp-taxes\">\n      <label class=\"mcalc-half\" for=\"annual_tax_inp\">Annual Taxes ($)<\/label>\n      <input type=\"text\" name=\"annual_taxes\" id=\"annual_tax_inp\" value=\"\" class=\"mcalc-half\">\n      <input id=\"ex1 e2\" class=\"ex1 annual_tax_scrl\" data-slider-id=\"ex1Slider\" type=\"text\" data-slider-min=\"0\" data-slider-max=\"20\" data-slider-step=\"0.1\" data-slider-value=\"1\" title=\"Tax Slider\" \/>\n      <p class=\"mcalc-percent\">1%<\/p>\n    <\/div>\n\n    <div class=\"mcalc-full mcwp-interest-rate\">\n      <label for=\"ex1\">Interest Rate (%)<\/label>\n\n      <input id=\"ex1 e3\" name=\"interest_rate\" class=\"ex1 interest_rate_scrl\" data-slider-id=\"ex1Slider\" type=\"text\" data-slider-min=\"1\" data-slider-max=\"30\" data-slider-step=\".125\" data-slider-value=\"5\"\/>\n\n      <p class=\"mcalc-percent\">5%<\/p>\n    <\/div><div class=\"mcalc-half mcwp-insurance\">\n      <label for=\"annual_insurance_inp\">Annual Insurance<\/label>\n      <i>$<\/i>\n      <input type=\"text\" name=\"annual_insurance\" id=\"annual_insurance_inp\" value=\"600\" class=\"mcalc-dollar\">\n    <\/div><div class=\"mcalc-half mcwp-hoa\">\n      <label for=\"monthly_hoa_inp\">Monthly HOA<\/label>\n      <i>$<\/i>\n\n      <input type=\"text\" name=\"monthly_hoa_form\" id=\"monthly_hoa_inp\" value=\"50\" class=\"mcalc-dollar\">\n\n    <\/div><div class=\"mcalc-full mcwp-results\">\n      <label for=\"cal1_email\">Want a Copy of the Results?<\/label>\n      <input type=\"email\" id=\"cal1_email\" placeholder=\"Enter your email address\" value=\"\" name=\"email\" \/>\n      <input type=\"button\" id=\"wpmc1_send_mail\" class=\"mcwp-submit bg cv_submit mcalc-color\" value=\"Send Results!\">\n    <\/div>\n  <\/div>\n  <div class=\"mcalc-values\">\n    <div class=\"mcalc-results\">\n      <h2 class=\"mcalc-value mcalc-payment\">$<span id=\"emmp_div_span\">1421<\/span>\n      <\/h2>\n      <h3>Monthly Payment<\/h3>\n      <p class=\"mcwp-pi\">Principal & Interest <strong class=\"mcalc-value\">$<span id=\"pi_div_span\">1421<\/span><\/strong><\/p>\n      <p class=\"mcwp-mt\">Monthly Taxes <strong class=\"mcalc-value\">$<span id=\"mtax_div_span\">1421<\/span><\/strong><\/p>\n      <p>Monthly HOA <strong class=\"mcalc-value\">$<span id=\"hoa_div_span\">1421<\/span><\/strong><\/p>\n      <p>Monthly Insurance <strong class=\"mcalc-value\">$<span id=\"minsure_div_span\">1421<\/span><\/strong><\/p>\n      <small><\/small>\n    <\/div>\n  <\/div>\n<\/div>\n<input type=\"hidden\" name=\"principal_and_interest\" class=\"pi_div_span\" \/>\n<input type=\"hidden\" name=\"calculation_result\" class=\"emmp_div_span\" \/>\n<input type=\"hidden\" name=\"monthly_taxes\" class=\"mtax_div_span\" \/>\n<input type=\"hidden\" name=\"monthly_insurance\" class=\"minsure_div_span\" value=\"\"\/>\n<input type=\"hidden\" name=\"monthly_mortgage_insurance\" class=\"mmi_div_span\" \/>\n<input type=\"hidden\" name=\"monthly_hoa\" class=\"hoa_div_span\" value=\"\"\/>\n<input type=\"hidden\" name=\"type\" value=\"cv\"\/>\n\n      <input type=\"hidden\" name=\"action\" value=\"mcwp_sendmail\"\/>\n    <input type=\"hidden\" name=\"trp-form-language\" value=\"en\"\/><\/form>\t\t\t\t<\/div>\n\t\t\t\t<\/div>\n\t\t\t\t\t<\/div>\n\t\t<\/div>\n\t\t\t\t\t<\/div>\n\t\t<\/section>\n\t\t<div class=\"elementor-element elementor-element-b244e37 e-flex e-con-boxed e-con e-parent\" data-id=\"b244e37\" data-element_type=\"container\" data-e-type=\"container\">\n\t\t\t\t\t<div class=\"e-con-inner\">\n\t\t\t\t<div class=\"elementor-element elementor-element-d701511 elementor-widget elementor-widget-text-editor\" data-id=\"d701511\" data-element_type=\"widget\" data-e-type=\"widget\" data-widget_type=\"text-editor.default\">\n\t\t\t\t<div class=\"elementor-widget-container\">\n\t\t\t\t\t\t\t\t\t<p><strong>Disclaimer:<\/strong><\/p>\n<p>The results obtained with this calculator are designed for comparative purposes only and are not guaranteed to be accurate. We do not guarantee the accuracy of any information or entries by users of the software.<\/p>\n<p>This calculator does not have the ability to pre-qualify for any loan program which must be independently verified with one of our loan counselors. Qualification for loan programs may require additional information such as credit score and cash reserves that is not collected in this calculator. Information such as interest rates and pricing is subject to change at any time without notice. Additional expenses, such as Homeowners Association (HOA) dues, are not included in the calculations. All information, such as interest rates, taxes, insurance, PMI payments, etc., are estimates and should only be used for comparison purposes. We do not guarantee any of the information obtained by this calculator.<\/p>\n\t\t\t\t\t\t\t\t<\/div>\n\t\t\t\t<\/div>\n\t\t\t\t\t<\/div>\n\t\t\t\t<\/div>\n\t\t\t\t<\/div>","protected":false},"excerpt":{"rendered":"<p>Calculadora Descargo de responsabilidad: Los resultados obtenidos con esta calculadora se han dise\u00f1ado \u00fanicamente con fines comparativos y no se garantiza su exactitud. No garantizamos la exactitud de cualquier informaci\u00f3n o entradas por los usuarios del software. Esta calculadora no tiene la capacidad de pre-calificar para cualquier programa de pr\u00e9stamo que debe ser verificado de<\/p>","protected":false},"author":6,"featured_media":0,"parent":0,"menu_order":0,"comment_status":"closed","ping_status":"closed","template":"","meta":{"footnotes":""},"class_list":["post-6333","page","type-page","status-publish","hentry"],"yoast_head":"<!-- This site is optimized with the Yoast SEO plugin v27.3 - https:\/\/yoast.com\/product\/yoast-seo-wordpress\/ -->\n<title>Cost Calculator - Grupo Progresar<\/title>\n<meta name=\"description\" content=\"Calculadora de hipotecas: estima pagos mensuales y costos totales para poderplanificar tu compra con confianza\" \/>\n<meta name=\"robots\" content=\"index, follow, max-snippet:-1, max-image-preview:large, max-video-preview:-1\" \/>\n<link rel=\"canonical\" href=\"https:\/\/grupoprogresar.com\/en\/calculadora\/\" \/>\n<meta property=\"og:locale\" content=\"en_US\" \/>\n<meta property=\"og:type\" content=\"article\" \/>\n<meta property=\"og:title\" content=\"Cost Calculator - Grupo Progresar\" \/>\n<meta property=\"og:description\" content=\"Calculadora de hipotecas: estima pagos mensuales y costos totales para poderplanificar tu compra con confianza\" \/>\n<meta property=\"og:url\" content=\"https:\/\/grupoprogresar.com\/en\/calculadora\/\" \/>\n<meta property=\"og:site_name\" content=\"Grupo Progresar\" \/>\n<meta property=\"article:modified_time\" content=\"2023-10-04T19:39:57+00:00\" \/>\n<meta name=\"twitter:card\" content=\"summary_large_image\" \/>\n<meta name=\"twitter:label1\" content=\"Est. reading time\" \/>\n\t<meta name=\"twitter:data1\" content=\"1 minute\" \/>\n<script type=\"application\/ld+json\" class=\"yoast-schema-graph\">{\"@context\":\"https:\\\/\\\/schema.org\",\"@graph\":[{\"@type\":\"WebPage\",\"@id\":\"https:\\\/\\\/grupoprogresar.com\\\/calculadora\\\/\",\"url\":\"https:\\\/\\\/grupoprogresar.com\\\/calculadora\\\/\",\"name\":\"Cost Calculator - Grupo Progresar\",\"isPartOf\":{\"@id\":\"https:\\\/\\\/grupoprogresar.com\\\/#website\"},\"datePublished\":\"2019-12-10T05:14:51+00:00\",\"dateModified\":\"2023-10-04T19:39:57+00:00\",\"description\":\"Calculadora de hipotecas: estima pagos mensuales y costos totales para poderplanificar tu compra con confianza\",\"breadcrumb\":{\"@id\":\"https:\\\/\\\/grupoprogresar.com\\\/calculadora\\\/#breadcrumb\"},\"inLanguage\":\"en-US\",\"potentialAction\":[{\"@type\":\"ReadAction\",\"target\":[\"https:\\\/\\\/grupoprogresar.com\\\/calculadora\\\/\"]}]},{\"@type\":\"BreadcrumbList\",\"@id\":\"https:\\\/\\\/grupoprogresar.com\\\/calculadora\\\/#breadcrumb\",\"itemListElement\":[{\"@type\":\"ListItem\",\"position\":1,\"name\":\"Home\",\"item\":\"https:\\\/\\\/grupoprogresar.com\\\/\"},{\"@type\":\"ListItem\",\"position\":2,\"name\":\"Cost Calculator\"}]},{\"@type\":\"WebSite\",\"@id\":\"https:\\\/\\\/grupoprogresar.com\\\/#website\",\"url\":\"https:\\\/\\\/grupoprogresar.com\\\/\",\"name\":\"Grupo Progresar\",\"description\":\"Tu cr&eacute;dito. Tu hogar. Tu futuro.\",\"publisher\":{\"@id\":\"https:\\\/\\\/grupoprogresar.com\\\/#organization\"},\"potentialAction\":[{\"@type\":\"SearchAction\",\"target\":{\"@type\":\"EntryPoint\",\"urlTemplate\":\"https:\\\/\\\/grupoprogresar.com\\\/?s={search_term_string}\"},\"query-input\":{\"@type\":\"PropertyValueSpecification\",\"valueRequired\":true,\"valueName\":\"search_term_string\"}}],\"inLanguage\":\"en-US\"},{\"@type\":\"Organization\",\"@id\":\"https:\\\/\\\/grupoprogresar.com\\\/#organization\",\"name\":\"Grupo Progresar\",\"url\":\"https:\\\/\\\/grupoprogresar.com\\\/\",\"logo\":{\"@type\":\"ImageObject\",\"inLanguage\":\"en-US\",\"@id\":\"https:\\\/\\\/grupoprogresar.com\\\/#\\\/schema\\\/logo\\\/image\\\/\",\"url\":\"https:\\\/\\\/grupoprogresar.com\\\/wp-content\\\/uploads\\\/2023\\\/09\\\/GP-Logo.png\",\"contentUrl\":\"https:\\\/\\\/grupoprogresar.com\\\/wp-content\\\/uploads\\\/2023\\\/09\\\/GP-Logo.png\",\"width\":1921,\"height\":1081,\"caption\":\"Grupo Progresar\"},\"image\":{\"@id\":\"https:\\\/\\\/grupoprogresar.com\\\/#\\\/schema\\\/logo\\\/image\\\/\"}}]}<\/script>\n<!-- \/ Yoast SEO plugin. -->","yoast_head_json":{"title":"Cost Calculator - Grupo Progresar","description":"Calculadora de hipotecas: estima pagos mensuales y costos totales para poderplanificar tu compra con confianza","robots":{"index":"index","follow":"follow","max-snippet":"max-snippet:-1","max-image-preview":"max-image-preview:large","max-video-preview":"max-video-preview:-1"},"canonical":"https:\/\/grupoprogresar.com\/en\/calculadora\/","og_locale":"en_US","og_type":"article","og_title":"Cost Calculator - Grupo Progresar","og_description":"Calculadora de hipotecas: estima pagos mensuales y costos totales para poderplanificar tu compra con confianza","og_url":"https:\/\/grupoprogresar.com\/en\/calculadora\/","og_site_name":"Grupo Progresar","article_modified_time":"2023-10-04T19:39:57+00:00","twitter_card":"summary_large_image","twitter_misc":{"Est. reading time":"1 minute"},"schema":{"@context":"https:\/\/schema.org","@graph":[{"@type":"WebPage","@id":"https:\/\/grupoprogresar.com\/calculadora\/","url":"https:\/\/grupoprogresar.com\/calculadora\/","name":"Cost Calculator - Grupo Progresar","isPartOf":{"@id":"https:\/\/grupoprogresar.com\/#website"},"datePublished":"2019-12-10T05:14:51+00:00","dateModified":"2023-10-04T19:39:57+00:00","description":"Calculadora de hipotecas: estima pagos mensuales y costos totales para poderplanificar tu compra con confianza","breadcrumb":{"@id":"https:\/\/grupoprogresar.com\/calculadora\/#breadcrumb"},"inLanguage":"en-US","potentialAction":[{"@type":"ReadAction","target":["https:\/\/grupoprogresar.com\/calculadora\/"]}]},{"@type":"BreadcrumbList","@id":"https:\/\/grupoprogresar.com\/calculadora\/#breadcrumb","itemListElement":[{"@type":"ListItem","position":1,"name":"Home","item":"https:\/\/grupoprogresar.com\/"},{"@type":"ListItem","position":2,"name":"Cost Calculator"}]},{"@type":"WebSite","@id":"https:\/\/grupoprogresar.com\/#website","url":"https:\/\/grupoprogresar.com\/","name":"Grupo Progresar","description":"Tu cr&eacute;dito. Tu hogar. Tu futuro.","publisher":{"@id":"https:\/\/grupoprogresar.com\/#organization"},"potentialAction":[{"@type":"SearchAction","target":{"@type":"EntryPoint","urlTemplate":"https:\/\/grupoprogresar.com\/?s={search_term_string}"},"query-input":{"@type":"PropertyValueSpecification","valueRequired":true,"valueName":"search_term_string"}}],"inLanguage":"en-US"},{"@type":"Organization","@id":"https:\/\/grupoprogresar.com\/#organization","name":"Grupo Progresar","url":"https:\/\/grupoprogresar.com\/","logo":{"@type":"ImageObject","inLanguage":"en-US","@id":"https:\/\/grupoprogresar.com\/#\/schema\/logo\/image\/","url":"https:\/\/grupoprogresar.com\/wp-content\/uploads\/2023\/09\/GP-Logo.png","contentUrl":"https:\/\/grupoprogresar.com\/wp-content\/uploads\/2023\/09\/GP-Logo.png","width":1921,"height":1081,"caption":"Grupo Progresar"},"image":{"@id":"https:\/\/grupoprogresar.com\/#\/schema\/logo\/image\/"}}]}},"_links":{"self":[{"href":"https:\/\/grupoprogresar.com\/en\/wp-json\/wp\/v2\/pages\/6333","targetHints":{"allow":["GET"]}}],"collection":[{"href":"https:\/\/grupoprogresar.com\/en\/wp-json\/wp\/v2\/pages"}],"about":[{"href":"https:\/\/grupoprogresar.com\/en\/wp-json\/wp\/v2\/types\/page"}],"author":[{"embeddable":true,"href":"https:\/\/grupoprogresar.com\/en\/wp-json\/wp\/v2\/users\/6"}],"replies":[{"embeddable":true,"href":"https:\/\/grupoprogresar.com\/en\/wp-json\/wp\/v2\/comments?post=6333"}],"version-history":[{"count":8,"href":"https:\/\/grupoprogresar.com\/en\/wp-json\/wp\/v2\/pages\/6333\/revisions"}],"predecessor-version":[{"id":19246,"href":"https:\/\/grupoprogresar.com\/en\/wp-json\/wp\/v2\/pages\/6333\/revisions\/19246"}],"wp:attachment":[{"href":"https:\/\/grupoprogresar.com\/en\/wp-json\/wp\/v2\/media?parent=6333"}],"curies":[{"name":"wp","href":"https:\/\/api.w.org\/{rel}","templated":true}]}}