{"id":19162,"date":"2023-09-25T12:58:52","date_gmt":"2023-09-25T12:58:52","guid":{"rendered":"https:\/\/grupoprogresar.com\/?page_id=19162"},"modified":"2023-10-02T23:47:40","modified_gmt":"2023-10-02T23:47:40","slug":"clases-y-eventos","status":"publish","type":"page","link":"https:\/\/grupoprogresar.com\/en\/clases-y-eventos\/","title":{"rendered":"Events"},"content":{"rendered":"<div data-elementor-type=\"wp-page\" data-elementor-id=\"19162\" class=\"elementor elementor-19162\">\n\t\t\t\t<div class=\"elementor-element elementor-element-1254825 e-flex e-con-boxed e-con e-parent\" data-id=\"1254825\" data-element_type=\"container\" data-e-type=\"container\">\n\t\t\t\t\t<div class=\"e-con-inner\">\n\t\t<div class=\"elementor-element elementor-element-b94aeaf e-con-full e-flex e-con e-child\" data-id=\"b94aeaf\" data-element_type=\"container\" data-e-type=\"container\">\n\t\t\t\t<div class=\"elementor-element elementor-element-ff7eda9 elementor-widget elementor-widget-heading\" data-id=\"ff7eda9\" data-element_type=\"widget\" data-e-type=\"widget\" data-widget_type=\"heading.default\">\n\t\t\t\t<div class=\"elementor-widget-container\">\n\t\t\t\t\t<h1 class=\"elementor-heading-title elementor-size-default\">Events<\/h1>\t\t\t\t<\/div>\n\t\t\t\t<\/div>\n\t\t\t\t<div class=\"elementor-element elementor-element-2a861af elementor-widget elementor-widget-text-editor\" data-id=\"2a861af\" data-element_type=\"widget\" data-e-type=\"widget\" data-widget_type=\"text-editor.default\">\n\t\t\t\t<div class=\"elementor-widget-container\">\n\t\t\t\t\t\t\t\t\t<div style=\"box-sizing: border-box; color: #222222; font-family: 'Open Sans', Arial; font-size: 14px; font-style: normal; font-variant-ligatures: normal; font-variant-caps: normal; font-weight: 400; letter-spacing: normal; orphans: 2; text-align: start; text-indent: 0px; text-transform: none; widows: 2; word-spacing: 0px; -webkit-text-stroke-width: 0px; white-space: normal; background-color: #ffffff; text-decoration-thickness: initial; text-decoration-style: initial; text-decoration-color: initial;\">\n<h4 style=\"box-sizing: border-box;\"><span style=\"font-size: inherit; color: #222222; font-family: 'Open Sans', Arial; font-weight: 400;\">We invite you to discover and join our educational events on mortgage lending and real estate with Grupo Progresar. Accompanied by industry experts, we will explore key topics that will bring you closer to your dream of homeownership. Don't miss this valuable opportunity!<\/span><\/h4>\n<\/div>\n\t\t\t\t\t\t\t\t<\/div>\n\t\t\t\t<\/div>\n\t\t\t\t<div class=\"elementor-element elementor-element-e7bb030 elementor-widget elementor-widget-stm_events\" data-id=\"e7bb030\" data-element_type=\"widget\" data-e-type=\"widget\" data-widget_type=\"stm_events.default\">\n\t\t\t\t<div class=\"elementor-widget-container\">\n\t\t\t\t\t\n\t\t\t<div class=\"stm_events_grid consulting_elementor_events cols_2\">\n\t\t\t<div class=\"item\">\n\t<div class=\"item_wr\">\n\t\t\t\t\t<div class=\"item_thumbnail\">\n\t\t\t\t<a href=\"https:\/\/grupoprogresar.com\/en\/events\/taller-informativo-para-primeros-compradores\/\">\n\t\t\t\t\t<img src='https:\/\/grupoprogresar.com\/wp-content\/uploads\/2023\/09\/homebuyers.png' alt='' \/>\t\t\t\t<\/a>\n\t\t\t<\/div>\n\t\t\t\t<div class=\"content\">\n\t\t\t<h6><a href=\"https:\/\/grupoprogresar.com\/en\/events\/taller-informativo-para-primeros-compradores\/\">Taller informativo para primeros compradores<\/a><\/h6>\n\t\t\t<ul class=\"stm-event__meta\">\n\t\t\t\t\t\t\t\t\t<li>\n\t\t\t\t\t\t<div class=\"event__calendar\">\n\t\t\t\t\t\t\t<i class=\"fa fa-calendar\" aria-hidden=\"true\"><\/i>\n\t\t\t\t\t\t\tSeptember 23, 2023\t\t\t\t\t\t<\/div>\n\t\t\t\t\t<\/li>\n\t\t\t\t\t\t\t\t\t\t\t\t\t\t\t\t\t\t\t<li>\n\t\t\t\t\t\t\t<div class=\"event__time\"><i class=\"fa fa-clock-o\"><\/i>\n\t\t\t\t\t\t\t\t12:24 am\t\t\t\t\t\t\t<\/div>\n\t\t\t\t\t\t<\/li>\n\t\t\t\t\t\t\t\t\t\t\t\t\t\t\t\t\t\t<li>\n\t\t\t\t\t\t<div class=\"event__venue\">\n\t\t\t\t\t\t\t<i class=\"fa fa-map-marker\" aria-hidden=\"true\"><\/i> Westminster, Colorado\t\t\t\t\t\t<\/div>\n\t\t\t\t\t<\/li>\n\t\t\t\t\t\t\t<\/ul>\n\t\t<\/div>\n\t<\/div>\n<\/div>\n<div class=\"item\">\n\t<div class=\"item_wr\">\n\t\t\t\t\t<div class=\"item_thumbnail\">\n\t\t\t\t<a href=\"https:\/\/grupoprogresar.com\/en\/events\/mortgage-loans-workshop\/\">\n\t\t\t\t\t<img src='https:\/\/grupoprogresar.com\/wp-content\/uploads\/2023\/09\/Untitled-design-89.png' alt='' \/>\t\t\t\t<\/a>\n\t\t\t<\/div>\n\t\t\t\t<div class=\"content\">\n\t\t\t<h6><a href=\"https:\/\/grupoprogresar.com\/en\/events\/mortgage-loans-workshop\/\">Mortgage Loans Workshop<\/a><\/h6>\n\t\t\t<ul class=\"stm-event__meta\">\n\t\t\t\t\t\t\t\t\t<li>\n\t\t\t\t\t\t<div class=\"event__calendar\">\n\t\t\t\t\t\t\t<i class=\"fa fa-calendar\" aria-hidden=\"true\"><\/i>\n\t\t\t\t\t\t\tSeptember 27, 2023\t\t\t\t\t\t<\/div>\n\t\t\t\t\t<\/li>\n\t\t\t\t\t\t\t\t\t\t\t\t\t\t\t\t\t\t\t<li>\n\t\t\t\t\t\t\t<div class=\"event__time\"><i class=\"fa fa-clock-o\"><\/i>\n\t\t\t\t\t\t\t\t12:24 am\t\t\t\t\t\t\t<\/div>\n\t\t\t\t\t\t<\/li>\n\t\t\t\t\t\t\t\t\t\t\t\t\t\t\t\t\t\t<li>\n\t\t\t\t\t\t<div class=\"event__venue\">\n\t\t\t\t\t\t\t<i class=\"fa fa-map-marker\" aria-hidden=\"true\"><\/i> 14221 East 4th Avenue, Aurora, CO\t\t\t\t\t\t<\/div>\n\t\t\t\t\t<\/li>\n\t\t\t\t\t\t\t<\/ul>\n\t\t<\/div>\n\t<\/div>\n<\/div>\n<div class=\"item\">\n\t<div class=\"item_wr\">\n\t\t\t\t\t<div class=\"item_thumbnail\">\n\t\t\t\t<a href=\"https:\/\/grupoprogresar.com\/en\/events\/charla-para-primeros-compradores\/\">\n\t\t\t\t\t<img src='https:\/\/grupoprogresar.com\/wp-content\/uploads\/2023\/09\/4.png' alt='' \/>\t\t\t\t<\/a>\n\t\t\t<\/div>\n\t\t\t\t<div class=\"content\">\n\t\t\t<h6><a href=\"https:\/\/grupoprogresar.com\/en\/events\/charla-para-primeros-compradores\/\">Charla para primeros compradores<\/a><\/h6>\n\t\t\t<ul class=\"stm-event__meta\">\n\t\t\t\t\t\t\t\t\t<li>\n\t\t\t\t\t\t<div class=\"event__calendar\">\n\t\t\t\t\t\t\t<i class=\"fa fa-calendar\" aria-hidden=\"true\"><\/i>\n\t\t\t\t\t\t\tOctober 7, 2023\t\t\t\t\t\t<\/div>\n\t\t\t\t\t<\/li>\n\t\t\t\t\t\t\t\t\t\t\t\t\t\t\t\t\t\t\t<li>\n\t\t\t\t\t\t\t<div class=\"event__time\"><i class=\"fa fa-clock-o\"><\/i>\n\t\t\t\t\t\t\t\t12:24 am\t\t\t\t\t\t\t<\/div>\n\t\t\t\t\t\t<\/li>\n\t\t\t\t\t\t\t\t\t\t\t\t\t\t\t\t\t\t<li>\n\t\t\t\t\t\t<div class=\"event__venue\">\n\t\t\t\t\t\t\t<i class=\"fa fa-map-marker\" aria-hidden=\"true\"><\/i> 2544 Sheridan Blvd, Denver, CO 80214\t\t\t\t\t\t<\/div>\n\t\t\t\t\t<\/li>\n\t\t\t\t\t\t\t<\/ul>\n\t\t<\/div>\n\t<\/div>\n<\/div>\n<div class=\"item\">\n\t<div class=\"item_wr\">\n\t\t\t\t\t<div class=\"item_thumbnail\">\n\t\t\t\t<a href=\"https:\/\/grupoprogresar.com\/en\/events\/invierte-en-bienes-raices\/\">\n\t\t\t\t\t<img src='https:\/\/grupoprogresar.com\/wp-content\/uploads\/2023\/11\/Slide1.jpg' alt='' \/>\t\t\t\t<\/a>\n\t\t\t<\/div>\n\t\t\t\t<div class=\"content\">\n\t\t\t<h6><a href=\"https:\/\/grupoprogresar.com\/en\/events\/invierte-en-bienes-raices\/\">Invierte en Bienes Raices<\/a><\/h6>\n\t\t\t<ul class=\"stm-event__meta\">\n\t\t\t\t\t\t\t\t\t<li>\n\t\t\t\t\t\t<div class=\"event__calendar\">\n\t\t\t\t\t\t\t<i class=\"fa fa-calendar\" aria-hidden=\"true\"><\/i>\n\t\t\t\t\t\t\tNovember 2, 2023\t\t\t\t\t\t<\/div>\n\t\t\t\t\t<\/li>\n\t\t\t\t\t\t\t\t\t\t\t\t\t\t\t\t\t\t\t<li>\n\t\t\t\t\t\t\t<div class=\"event__time\"><i class=\"fa fa-clock-o\"><\/i>\n\t\t\t\t\t\t\t\t12:24 am to 12:24 am\t\t\t\t\t\t\t<\/div>\n\t\t\t\t\t\t<\/li>\n\t\t\t\t\t\t\t\t\t\t\t\t\t\t\t\t\t\t<li>\n\t\t\t\t\t\t<div class=\"event__venue\">\n\t\t\t\t\t\t\t<i class=\"fa fa-map-marker\" aria-hidden=\"true\"><\/i> Liberty Tax 2130 Main St #10 Longmont, CO, 80501\t\t\t\t\t\t<\/div>\n\t\t\t\t\t<\/li>\n\t\t\t\t\t\t\t<\/ul>\n\t\t<\/div>\n\t<\/div>\n<\/div>\n\t\t<\/div>\n\t\t\t\t\t\t\t<\/div>\n\t\t\t\t<\/div>\n\t\t\t\t<\/div>\n\t\t<div class=\"elementor-element elementor-element-0cd9fd4 e-con-full e-flex e-con e-child\" data-id=\"0cd9fd4\" data-element_type=\"container\" data-e-type=\"container\">\n\t\t\t\t<div class=\"elementor-element elementor-element-da77460 elementor-widget elementor-widget-stm_contacts_widget\" data-id=\"da77460\" data-element_type=\"widget\" data-e-type=\"widget\" data-widget_type=\"stm_contacts_widget.default\">\n\t\t\t\t<div class=\"elementor-widget-container\">\n\t\t\t\t\t\n<div class=\"stm_contacts_widget consulting_elementor_contacts_widget style_5\">\n    \n            <h4 class=\"no_stripe\">Call us to see if you qualify!<\/h4>\n    \n    \n        <ul>\n                                        <li class=\"phone\">\n                    <div class=\"icon\"><span class=\"stm-call\"><\/span><\/div>\n                    <div class=\"text\"><strong>3032609791<\/strong><\/div>\n                <\/li>\n                                            <\/ul>\n    \n<\/div>\t\t\t\t<\/div>\n\t\t\t\t<\/div>\n\t\t\t\t<div class=\"elementor-element elementor-element-f713bef elementor-widget elementor-widget-stm_testimonials\" data-id=\"f713bef\" data-element_type=\"widget\" data-e-type=\"widget\" data-widget_type=\"stm_testimonials.default\">\n\t\t\t\t<div class=\"elementor-widget-container\">\n\t\t\t\t\t\n\n\t\t\t<div class=\"stm_testimonials consulting_elementor_testimonials style_1\">\n\t\t\t\t\t\t\t<div class=\"item\">\n\t\t\t\t\t<div class=\"testimonial\"><p>Mario Contreras hizo un trabajo incre\u00edble. Nos ayud\u00f3 en algo m\u00e1s que simplemente comprar nuestra casa. Mario siempre estuvo all\u00ed cuando ten\u00edamos preguntas, incluso a altas horas de la noche. Nos ayud\u00f3 a encontrar la casa que est\u00e1bamos buscando en nuestro rango de precios. Definitivamente lo recomendar\u00edamos a futuros compradores de vivienda.<\/p>\n<\/div>\n\t\t\t\t\t<div class=\"testimonial-info clearfix\">\n\t\t\t\t\t\t<div class=\"testimonial-image\"><img decoding=\"async\" width=\"50\" height=\"50\" src=\"https:\/\/grupoprogresar.com\/wp-content\/uploads\/2023\/10\/Untitled-design-90-e1696450216106-50x50.png\" class=\"attachment-consulting-image-50x50-croped size-consulting-image-50x50-croped wp-post-image\" alt=\"\" srcset=\"https:\/\/grupoprogresar.com\/wp-content\/uploads\/2023\/10\/Untitled-design-90-e1696450216106-50x50.png 50w, https:\/\/grupoprogresar.com\/wp-content\/uploads\/2023\/10\/Untitled-design-90-e1696450216106-300x300.png 300w, https:\/\/grupoprogresar.com\/wp-content\/uploads\/2023\/10\/Untitled-design-90-e1696450216106-150x150.png 150w, https:\/\/grupoprogresar.com\/wp-content\/uploads\/2023\/10\/Untitled-design-90-e1696450216106-12x12.png 12w, https:\/\/grupoprogresar.com\/wp-content\/uploads\/2023\/10\/Untitled-design-90-e1696450216106-320x320.png 320w, https:\/\/grupoprogresar.com\/wp-content\/uploads\/2023\/10\/Untitled-design-90-e1696450216106.png 473w\" sizes=\"(max-width: 50px) 100vw, 50px\" \/><\/div>\n\t\t\t\t\t\t<div class=\"testimonial-text\">\n\t\t\t\t\t\t\t<div class=\"name\">Oziel Orellana<\/div>\n\t\t\t\t\t\t\t<div class=\"company\">\n\t\t\t\t\t\t\t\t\t\t\t\t\t\t<\/div>\n\t\t\t\t\t\t<\/div>\n\t\t\t\t\t<\/div>\n\t\t\t\t<\/div>\n\t\t\t\t\t<\/div>\n\t\n\t\t\t\t\t<\/div>\n\t\t\t\t<\/div>\n\t\t\t\t<div class=\"elementor-element elementor-element-d25f84a elementor-widget elementor-widget-heading\" data-id=\"d25f84a\" data-element_type=\"widget\" data-e-type=\"widget\" data-widget_type=\"heading.default\">\n\t\t\t\t<div class=\"elementor-widget-container\">\n\t\t\t\t\t<h2 class=\"elementor-heading-title elementor-size-default\">Our Services<\/h2>\t\t\t\t<\/div>\n\t\t\t\t<\/div>\n\t\t\t\t<div class=\"elementor-element elementor-element-3f762f9 elementor-widget elementor-widget-stm_services\" data-id=\"3f762f9\" data-element_type=\"widget\" data-e-type=\"widget\" data-widget_type=\"stm_services.default\">\n\t\t\t\t<div class=\"elementor-widget-container\">\n\t\t\t\t\t\n\t\t\t\t<\/div>\n\t\t\t\t<\/div>\n\t\t\t\t<\/div>\n\t\t\t\t\t<\/div>\n\t\t\t\t<\/div>\n\t\t<div class=\"elementor-element elementor-element-cce1f05 e-flex e-con-boxed e-con e-parent\" data-id=\"cce1f05\" data-element_type=\"container\" data-e-type=\"container\">\n\t\t\t\t\t<div class=\"e-con-inner\">\n\t\t\t\t\t<\/div>\n\t\t\t\t<\/div>\n\t\t\t\t<\/div>","protected":false},"excerpt":{"rendered":"<p>Clases y eventos Te invitamos a descubrir y unirte a nuestros eventos educativos sobre pr\u00e9stamos hipotecarios y bienes ra\u00edces con Grupo Progresar. Acompa\u00f1ados por expertos de la industria, exploraremos temas clave que te acercar\u00e1n a tu sue\u00f1o de ser propietario de tu vivienda. \u00a1No te pierdas esta valiosa oportunidad! Taller informativo para primeros compradores septiembre<\/p>","protected":false},"author":6,"featured_media":0,"parent":0,"menu_order":0,"comment_status":"closed","ping_status":"closed","template":"","meta":{"footnotes":""},"class_list":["post-19162","page","type-page","status-publish","hentry"],"yoast_head":"<!-- This site is optimized with the Yoast SEO plugin v27.3 - https:\/\/yoast.com\/product\/yoast-seo-wordpress\/ -->\n<title>Clases y eventos - Grupo Progresar<\/title>\n<meta name=\"description\" content=\"Clases y eventos educativos en hipotecas y bienes ra\u00edces. Aprende con expertos y ac\u00e9rcate a tu sue\u00f1o de propiedad. \u00a1\u00danete!\" \/>\n<meta name=\"robots\" content=\"index, follow, max-snippet:-1, max-image-preview:large, max-video-preview:-1\" \/>\n<link rel=\"canonical\" href=\"https:\/\/grupoprogresar.com\/en\/clases-y-eventos\/\" \/>\n<meta property=\"og:locale\" content=\"en_US\" \/>\n<meta property=\"og:type\" content=\"article\" \/>\n<meta property=\"og:title\" content=\"Clases y eventos - Grupo Progresar\" \/>\n<meta property=\"og:description\" content=\"Clases y eventos educativos en hipotecas y bienes ra\u00edces. Aprende con expertos y ac\u00e9rcate a tu sue\u00f1o de propiedad. \u00a1\u00danete!\" \/>\n<meta property=\"og:url\" content=\"https:\/\/grupoprogresar.com\/en\/clases-y-eventos\/\" \/>\n<meta property=\"og:site_name\" content=\"Grupo Progresar\" \/>\n<meta property=\"article:modified_time\" content=\"2023-10-02T23:47:40+00:00\" \/>\n<meta property=\"og:image\" content=\"https:\/\/grupoprogresar.com\/wp-content\/uploads\/2023\/09\/homebuyers.png\" \/>\n<meta name=\"twitter:card\" content=\"summary_large_image\" \/>\n<meta name=\"twitter:label1\" content=\"Est. reading time\" \/>\n\t<meta name=\"twitter:data1\" content=\"2 minutes\" \/>\n<script type=\"application\/ld+json\" class=\"yoast-schema-graph\">{\"@context\":\"https:\\\/\\\/schema.org\",\"@graph\":[{\"@type\":\"WebPage\",\"@id\":\"https:\\\/\\\/grupoprogresar.com\\\/clases-y-eventos\\\/\",\"url\":\"https:\\\/\\\/grupoprogresar.com\\\/clases-y-eventos\\\/\",\"name\":\"Clases y eventos - Grupo Progresar\",\"isPartOf\":{\"@id\":\"https:\\\/\\\/grupoprogresar.com\\\/#website\"},\"primaryImageOfPage\":{\"@id\":\"https:\\\/\\\/grupoprogresar.com\\\/clases-y-eventos\\\/#primaryimage\"},\"image\":{\"@id\":\"https:\\\/\\\/grupoprogresar.com\\\/clases-y-eventos\\\/#primaryimage\"},\"thumbnailUrl\":\"https:\\\/\\\/grupoprogresar.com\\\/wp-content\\\/uploads\\\/2023\\\/09\\\/homebuyers.png\",\"datePublished\":\"2023-09-25T12:58:52+00:00\",\"dateModified\":\"2023-10-02T23:47:40+00:00\",\"description\":\"Clases y eventos educativos en hipotecas y bienes ra\u00edces. Aprende con expertos y ac\u00e9rcate a tu sue\u00f1o de propiedad. \u00a1\u00danete!\",\"breadcrumb\":{\"@id\":\"https:\\\/\\\/grupoprogresar.com\\\/clases-y-eventos\\\/#breadcrumb\"},\"inLanguage\":\"en-US\",\"potentialAction\":[{\"@type\":\"ReadAction\",\"target\":[\"https:\\\/\\\/grupoprogresar.com\\\/clases-y-eventos\\\/\"]}]},{\"@type\":\"ImageObject\",\"inLanguage\":\"en-US\",\"@id\":\"https:\\\/\\\/grupoprogresar.com\\\/clases-y-eventos\\\/#primaryimage\",\"url\":\"https:\\\/\\\/grupoprogresar.com\\\/wp-content\\\/uploads\\\/2023\\\/09\\\/homebuyers.png\",\"contentUrl\":\"https:\\\/\\\/grupoprogresar.com\\\/wp-content\\\/uploads\\\/2023\\\/09\\\/homebuyers.png\"},{\"@type\":\"BreadcrumbList\",\"@id\":\"https:\\\/\\\/grupoprogresar.com\\\/clases-y-eventos\\\/#breadcrumb\",\"itemListElement\":[{\"@type\":\"ListItem\",\"position\":1,\"name\":\"Home\",\"item\":\"https:\\\/\\\/grupoprogresar.com\\\/\"},{\"@type\":\"ListItem\",\"position\":2,\"name\":\"Clases y eventos\"}]},{\"@type\":\"WebSite\",\"@id\":\"https:\\\/\\\/grupoprogresar.com\\\/#website\",\"url\":\"https:\\\/\\\/grupoprogresar.com\\\/\",\"name\":\"Grupo Progresar\",\"description\":\"Tu cr&eacute;dito. Tu hogar. Tu futuro.\",\"publisher\":{\"@id\":\"https:\\\/\\\/grupoprogresar.com\\\/#organization\"},\"potentialAction\":[{\"@type\":\"SearchAction\",\"target\":{\"@type\":\"EntryPoint\",\"urlTemplate\":\"https:\\\/\\\/grupoprogresar.com\\\/?s={search_term_string}\"},\"query-input\":{\"@type\":\"PropertyValueSpecification\",\"valueRequired\":true,\"valueName\":\"search_term_string\"}}],\"inLanguage\":\"en-US\"},{\"@type\":\"Organization\",\"@id\":\"https:\\\/\\\/grupoprogresar.com\\\/#organization\",\"name\":\"Grupo Progresar\",\"url\":\"https:\\\/\\\/grupoprogresar.com\\\/\",\"logo\":{\"@type\":\"ImageObject\",\"inLanguage\":\"en-US\",\"@id\":\"https:\\\/\\\/grupoprogresar.com\\\/#\\\/schema\\\/logo\\\/image\\\/\",\"url\":\"https:\\\/\\\/grupoprogresar.com\\\/wp-content\\\/uploads\\\/2023\\\/09\\\/GP-Logo.png\",\"contentUrl\":\"https:\\\/\\\/grupoprogresar.com\\\/wp-content\\\/uploads\\\/2023\\\/09\\\/GP-Logo.png\",\"width\":1921,\"height\":1081,\"caption\":\"Grupo Progresar\"},\"image\":{\"@id\":\"https:\\\/\\\/grupoprogresar.com\\\/#\\\/schema\\\/logo\\\/image\\\/\"}}]}<\/script>\n<!-- \/ Yoast SEO plugin. -->","yoast_head_json":{"title":"Clases y eventos - Grupo Progresar","description":"Clases y eventos educativos en hipotecas y bienes ra\u00edces. Aprende con expertos y ac\u00e9rcate a tu sue\u00f1o de propiedad. \u00a1\u00danete!","robots":{"index":"index","follow":"follow","max-snippet":"max-snippet:-1","max-image-preview":"max-image-preview:large","max-video-preview":"max-video-preview:-1"},"canonical":"https:\/\/grupoprogresar.com\/en\/clases-y-eventos\/","og_locale":"en_US","og_type":"article","og_title":"Clases y eventos - Grupo Progresar","og_description":"Clases y eventos educativos en hipotecas y bienes ra\u00edces. Aprende con expertos y ac\u00e9rcate a tu sue\u00f1o de propiedad. \u00a1\u00danete!","og_url":"https:\/\/grupoprogresar.com\/en\/clases-y-eventos\/","og_site_name":"Grupo Progresar","article_modified_time":"2023-10-02T23:47:40+00:00","og_image":[{"url":"https:\/\/grupoprogresar.com\/wp-content\/uploads\/2023\/09\/homebuyers.png","type":"","width":"","height":""}],"twitter_card":"summary_large_image","twitter_misc":{"Est. reading time":"2 minutes"},"schema":{"@context":"https:\/\/schema.org","@graph":[{"@type":"WebPage","@id":"https:\/\/grupoprogresar.com\/clases-y-eventos\/","url":"https:\/\/grupoprogresar.com\/clases-y-eventos\/","name":"Clases y eventos - Grupo Progresar","isPartOf":{"@id":"https:\/\/grupoprogresar.com\/#website"},"primaryImageOfPage":{"@id":"https:\/\/grupoprogresar.com\/clases-y-eventos\/#primaryimage"},"image":{"@id":"https:\/\/grupoprogresar.com\/clases-y-eventos\/#primaryimage"},"thumbnailUrl":"https:\/\/grupoprogresar.com\/wp-content\/uploads\/2023\/09\/homebuyers.png","datePublished":"2023-09-25T12:58:52+00:00","dateModified":"2023-10-02T23:47:40+00:00","description":"Clases y eventos educativos en hipotecas y bienes ra\u00edces. Aprende con expertos y ac\u00e9rcate a tu sue\u00f1o de propiedad. \u00a1\u00danete!","breadcrumb":{"@id":"https:\/\/grupoprogresar.com\/clases-y-eventos\/#breadcrumb"},"inLanguage":"en-US","potentialAction":[{"@type":"ReadAction","target":["https:\/\/grupoprogresar.com\/clases-y-eventos\/"]}]},{"@type":"ImageObject","inLanguage":"en-US","@id":"https:\/\/grupoprogresar.com\/clases-y-eventos\/#primaryimage","url":"https:\/\/grupoprogresar.com\/wp-content\/uploads\/2023\/09\/homebuyers.png","contentUrl":"https:\/\/grupoprogresar.com\/wp-content\/uploads\/2023\/09\/homebuyers.png"},{"@type":"BreadcrumbList","@id":"https:\/\/grupoprogresar.com\/clases-y-eventos\/#breadcrumb","itemListElement":[{"@type":"ListItem","position":1,"name":"Home","item":"https:\/\/grupoprogresar.com\/"},{"@type":"ListItem","position":2,"name":"Clases y eventos"}]},{"@type":"WebSite","@id":"https:\/\/grupoprogresar.com\/#website","url":"https:\/\/grupoprogresar.com\/","name":"Grupo Progresar","description":"Tu cr&eacute;dito. Tu hogar. Tu futuro.","publisher":{"@id":"https:\/\/grupoprogresar.com\/#organization"},"potentialAction":[{"@type":"SearchAction","target":{"@type":"EntryPoint","urlTemplate":"https:\/\/grupoprogresar.com\/?s={search_term_string}"},"query-input":{"@type":"PropertyValueSpecification","valueRequired":true,"valueName":"search_term_string"}}],"inLanguage":"en-US"},{"@type":"Organization","@id":"https:\/\/grupoprogresar.com\/#organization","name":"Grupo Progresar","url":"https:\/\/grupoprogresar.com\/","logo":{"@type":"ImageObject","inLanguage":"en-US","@id":"https:\/\/grupoprogresar.com\/#\/schema\/logo\/image\/","url":"https:\/\/grupoprogresar.com\/wp-content\/uploads\/2023\/09\/GP-Logo.png","contentUrl":"https:\/\/grupoprogresar.com\/wp-content\/uploads\/2023\/09\/GP-Logo.png","width":1921,"height":1081,"caption":"Grupo Progresar"},"image":{"@id":"https:\/\/grupoprogresar.com\/#\/schema\/logo\/image\/"}}]}},"_links":{"self":[{"href":"https:\/\/grupoprogresar.com\/en\/wp-json\/wp\/v2\/pages\/19162","targetHints":{"allow":["GET"]}}],"collection":[{"href":"https:\/\/grupoprogresar.com\/en\/wp-json\/wp\/v2\/pages"}],"about":[{"href":"https:\/\/grupoprogresar.com\/en\/wp-json\/wp\/v2\/types\/page"}],"author":[{"embeddable":true,"href":"https:\/\/grupoprogresar.com\/en\/wp-json\/wp\/v2\/users\/6"}],"replies":[{"embeddable":true,"href":"https:\/\/grupoprogresar.com\/en\/wp-json\/wp\/v2\/comments?post=19162"}],"version-history":[{"count":30,"href":"https:\/\/grupoprogresar.com\/en\/wp-json\/wp\/v2\/pages\/19162\/revisions"}],"predecessor-version":[{"id":19234,"href":"https:\/\/grupoprogresar.com\/en\/wp-json\/wp\/v2\/pages\/19162\/revisions\/19234"}],"wp:attachment":[{"href":"https:\/\/grupoprogresar.com\/en\/wp-json\/wp\/v2\/media?parent=19162"}],"curies":[{"name":"wp","href":"https:\/\/api.w.org\/{rel}","templated":true}]}}