{"id":17419,"date":"2021-08-24T10:44:02","date_gmt":"2021-08-24T10:44:02","guid":{"rendered":"http:\/\/consmulti.local\/?page_id=3"},"modified":"2023-10-04T19:43:58","modified_gmt":"2023-10-04T19:43:58","slug":"declaracion-de-accesibilidad","status":"publish","type":"page","link":"https:\/\/grupoprogresar.com\/en\/declaracion-de-accesibilidad\/","title":{"rendered":"Accessibility Statement"},"content":{"rendered":"<p>Mario Contreras se compromete a proporcionar un sitio web que sea accesible para todos sus clientes y que cumpla con las pautas de accesibilidad. Realizamos mejoras continuamente para cumplir con estas pautas y nuestro sitio web ha sido dise\u00f1ado teniendo en cuenta la accesibilidad.<\/p>\n\n\n\n<p>Si necesita ayuda o tiene preguntas o comentarios espec\u00edficos sobre la accesibilidad de este sitio, cont\u00e1ctenos por correo electr\u00f3nico a mario@grupoprogresar.com.<\/p>\n\n\n\n<p>Si ha encontrado un \u00e1rea inaccesible en el sitio, ayude a nuestro equipo inform\u00e1ndonos del problema por correo electr\u00f3nico a mario@grupoprogresar.com.<\/p>\n\n\n\n<p>En caso de que no se pueda acceder a una p\u00e1gina, trabajaremos con usted para que una versi\u00f3n de texto del contenido est\u00e9 disponible.<\/p>","protected":false},"excerpt":{"rendered":"<p>Mario Contreras se compromete a proporcionar un sitio web que sea accesible para todos sus clientes y que cumpla con las pautas de accesibilidad. Realizamos mejoras continuamente para cumplir con estas pautas y nuestro sitio web ha sido dise\u00f1ado teniendo en cuenta la accesibilidad. Si necesita ayuda o tiene preguntas o comentarios espec\u00edficos sobre la<\/p>","protected":false},"author":6,"featured_media":0,"parent":0,"menu_order":0,"comment_status":"closed","ping_status":"closed","template":"","meta":{"footnotes":""},"class_list":["post-17419","page","type-page","status-publish","hentry"],"yoast_head":"<!-- This site is optimized with the Yoast SEO plugin v27.3 - https:\/\/yoast.com\/product\/yoast-seo-wordpress\/ -->\n<title>Declaraci\u00f3n de Accesibilidad - Grupo Progresar<\/title>\n<meta name=\"description\" content=\"Sitio web accesible cumpliendo pautas de accesibilidad. Mejoras continuas para f\u00e1cil uso. Contacte mario@grupoprogresar.com para soluciones\" \/>\n<meta name=\"robots\" content=\"index, follow, max-snippet:-1, max-image-preview:large, max-video-preview:-1\" \/>\n<link rel=\"canonical\" href=\"https:\/\/grupoprogresar.com\/en\/declaracion-de-accesibilidad\/\" \/>\n<meta property=\"og:locale\" content=\"en_US\" \/>\n<meta property=\"og:type\" content=\"article\" \/>\n<meta property=\"og:title\" content=\"Declaraci\u00f3n de Accesibilidad - Grupo Progresar\" \/>\n<meta property=\"og:description\" content=\"Sitio web accesible cumpliendo pautas de accesibilidad. Mejoras continuas para f\u00e1cil uso. Contacte mario@grupoprogresar.com para soluciones\" \/>\n<meta property=\"og:url\" content=\"https:\/\/grupoprogresar.com\/en\/declaracion-de-accesibilidad\/\" \/>\n<meta property=\"og:site_name\" content=\"Grupo Progresar\" \/>\n<meta property=\"article:modified_time\" content=\"2023-10-04T19:43:58+00:00\" \/>\n<meta name=\"twitter:card\" content=\"summary_large_image\" \/>\n<meta name=\"twitter:label1\" content=\"Est. reading time\" \/>\n\t<meta name=\"twitter:data1\" content=\"1 minute\" \/>\n<script type=\"application\/ld+json\" class=\"yoast-schema-graph\">{\"@context\":\"https:\\\/\\\/schema.org\",\"@graph\":[{\"@type\":\"WebPage\",\"@id\":\"https:\\\/\\\/grupoprogresar.com\\\/declaracion-de-accesibilidad\\\/\",\"url\":\"https:\\\/\\\/grupoprogresar.com\\\/declaracion-de-accesibilidad\\\/\",\"name\":\"Declaraci\u00f3n de Accesibilidad - Grupo Progresar\",\"isPartOf\":{\"@id\":\"https:\\\/\\\/grupoprogresar.com\\\/#website\"},\"datePublished\":\"2021-08-24T10:44:02+00:00\",\"dateModified\":\"2023-10-04T19:43:58+00:00\",\"description\":\"Sitio web accesible cumpliendo pautas de accesibilidad. Mejoras continuas para f\u00e1cil uso. Contacte mario@grupoprogresar.com para soluciones\",\"breadcrumb\":{\"@id\":\"https:\\\/\\\/grupoprogresar.com\\\/declaracion-de-accesibilidad\\\/#breadcrumb\"},\"inLanguage\":\"en-US\",\"potentialAction\":[{\"@type\":\"ReadAction\",\"target\":[\"https:\\\/\\\/grupoprogresar.com\\\/declaracion-de-accesibilidad\\\/\"]}]},{\"@type\":\"BreadcrumbList\",\"@id\":\"https:\\\/\\\/grupoprogresar.com\\\/declaracion-de-accesibilidad\\\/#breadcrumb\",\"itemListElement\":[{\"@type\":\"ListItem\",\"position\":1,\"name\":\"Home\",\"item\":\"https:\\\/\\\/grupoprogresar.com\\\/\"},{\"@type\":\"ListItem\",\"position\":2,\"name\":\"Declaraci\u00f3n de Accesibilidad\"}]},{\"@type\":\"WebSite\",\"@id\":\"https:\\\/\\\/grupoprogresar.com\\\/#website\",\"url\":\"https:\\\/\\\/grupoprogresar.com\\\/\",\"name\":\"Grupo Progresar\",\"description\":\"Tu cr&eacute;dito. Tu hogar. Tu futuro.\",\"publisher\":{\"@id\":\"https:\\\/\\\/grupoprogresar.com\\\/#organization\"},\"potentialAction\":[{\"@type\":\"SearchAction\",\"target\":{\"@type\":\"EntryPoint\",\"urlTemplate\":\"https:\\\/\\\/grupoprogresar.com\\\/?s={search_term_string}\"},\"query-input\":{\"@type\":\"PropertyValueSpecification\",\"valueRequired\":true,\"valueName\":\"search_term_string\"}}],\"inLanguage\":\"en-US\"},{\"@type\":\"Organization\",\"@id\":\"https:\\\/\\\/grupoprogresar.com\\\/#organization\",\"name\":\"Grupo Progresar\",\"url\":\"https:\\\/\\\/grupoprogresar.com\\\/\",\"logo\":{\"@type\":\"ImageObject\",\"inLanguage\":\"en-US\",\"@id\":\"https:\\\/\\\/grupoprogresar.com\\\/#\\\/schema\\\/logo\\\/image\\\/\",\"url\":\"https:\\\/\\\/grupoprogresar.com\\\/wp-content\\\/uploads\\\/2023\\\/09\\\/GP-Logo.png\",\"contentUrl\":\"https:\\\/\\\/grupoprogresar.com\\\/wp-content\\\/uploads\\\/2023\\\/09\\\/GP-Logo.png\",\"width\":1921,\"height\":1081,\"caption\":\"Grupo Progresar\"},\"image\":{\"@id\":\"https:\\\/\\\/grupoprogresar.com\\\/#\\\/schema\\\/logo\\\/image\\\/\"}}]}<\/script>\n<!-- \/ Yoast SEO plugin. -->","yoast_head_json":{"title":"Declaraci\u00f3n de Accesibilidad - Grupo Progresar","description":"Sitio web accesible cumpliendo pautas de accesibilidad. Mejoras continuas para f\u00e1cil uso. Contacte mario@grupoprogresar.com para soluciones","robots":{"index":"index","follow":"follow","max-snippet":"max-snippet:-1","max-image-preview":"max-image-preview:large","max-video-preview":"max-video-preview:-1"},"canonical":"https:\/\/grupoprogresar.com\/en\/declaracion-de-accesibilidad\/","og_locale":"en_US","og_type":"article","og_title":"Declaraci\u00f3n de Accesibilidad - Grupo Progresar","og_description":"Sitio web accesible cumpliendo pautas de accesibilidad. Mejoras continuas para f\u00e1cil uso. Contacte mario@grupoprogresar.com para soluciones","og_url":"https:\/\/grupoprogresar.com\/en\/declaracion-de-accesibilidad\/","og_site_name":"Grupo Progresar","article_modified_time":"2023-10-04T19:43:58+00:00","twitter_card":"summary_large_image","twitter_misc":{"Est. reading time":"1 minute"},"schema":{"@context":"https:\/\/schema.org","@graph":[{"@type":"WebPage","@id":"https:\/\/grupoprogresar.com\/declaracion-de-accesibilidad\/","url":"https:\/\/grupoprogresar.com\/declaracion-de-accesibilidad\/","name":"Declaraci\u00f3n de Accesibilidad - Grupo Progresar","isPartOf":{"@id":"https:\/\/grupoprogresar.com\/#website"},"datePublished":"2021-08-24T10:44:02+00:00","dateModified":"2023-10-04T19:43:58+00:00","description":"Sitio web accesible cumpliendo pautas de accesibilidad. Mejoras continuas para f\u00e1cil uso. Contacte mario@grupoprogresar.com para soluciones","breadcrumb":{"@id":"https:\/\/grupoprogresar.com\/declaracion-de-accesibilidad\/#breadcrumb"},"inLanguage":"en-US","potentialAction":[{"@type":"ReadAction","target":["https:\/\/grupoprogresar.com\/declaracion-de-accesibilidad\/"]}]},{"@type":"BreadcrumbList","@id":"https:\/\/grupoprogresar.com\/declaracion-de-accesibilidad\/#breadcrumb","itemListElement":[{"@type":"ListItem","position":1,"name":"Home","item":"https:\/\/grupoprogresar.com\/"},{"@type":"ListItem","position":2,"name":"Declaraci\u00f3n de Accesibilidad"}]},{"@type":"WebSite","@id":"https:\/\/grupoprogresar.com\/#website","url":"https:\/\/grupoprogresar.com\/","name":"Grupo Progresar","description":"Tu cr&eacute;dito. Tu hogar. Tu futuro.","publisher":{"@id":"https:\/\/grupoprogresar.com\/#organization"},"potentialAction":[{"@type":"SearchAction","target":{"@type":"EntryPoint","urlTemplate":"https:\/\/grupoprogresar.com\/?s={search_term_string}"},"query-input":{"@type":"PropertyValueSpecification","valueRequired":true,"valueName":"search_term_string"}}],"inLanguage":"en-US"},{"@type":"Organization","@id":"https:\/\/grupoprogresar.com\/#organization","name":"Grupo Progresar","url":"https:\/\/grupoprogresar.com\/","logo":{"@type":"ImageObject","inLanguage":"en-US","@id":"https:\/\/grupoprogresar.com\/#\/schema\/logo\/image\/","url":"https:\/\/grupoprogresar.com\/wp-content\/uploads\/2023\/09\/GP-Logo.png","contentUrl":"https:\/\/grupoprogresar.com\/wp-content\/uploads\/2023\/09\/GP-Logo.png","width":1921,"height":1081,"caption":"Grupo Progresar"},"image":{"@id":"https:\/\/grupoprogresar.com\/#\/schema\/logo\/image\/"}}]}},"_links":{"self":[{"href":"https:\/\/grupoprogresar.com\/en\/wp-json\/wp\/v2\/pages\/17419","targetHints":{"allow":["GET"]}}],"collection":[{"href":"https:\/\/grupoprogresar.com\/en\/wp-json\/wp\/v2\/pages"}],"about":[{"href":"https:\/\/grupoprogresar.com\/en\/wp-json\/wp\/v2\/types\/page"}],"author":[{"embeddable":true,"href":"https:\/\/grupoprogresar.com\/en\/wp-json\/wp\/v2\/users\/6"}],"replies":[{"embeddable":true,"href":"https:\/\/grupoprogresar.com\/en\/wp-json\/wp\/v2\/comments?post=17419"}],"version-history":[{"count":2,"href":"https:\/\/grupoprogresar.com\/en\/wp-json\/wp\/v2\/pages\/17419\/revisions"}],"predecessor-version":[{"id":18934,"href":"https:\/\/grupoprogresar.com\/en\/wp-json\/wp\/v2\/pages\/17419\/revisions\/18934"}],"wp:attachment":[{"href":"https:\/\/grupoprogresar.com\/en\/wp-json\/wp\/v2\/media?parent=17419"}],"curies":[{"name":"wp","href":"https:\/\/api.w.org\/{rel}","templated":true}]}}