{"id":1184,"date":"2017-02-08T09:59:59","date_gmt":"2017-02-08T09:59:59","guid":{"rendered":"http:\/\/consult.loc\/?page_id=1184"},"modified":"2025-07-30T20:05:03","modified_gmt":"2025-07-30T20:05:03","slug":"contacto","status":"publish","type":"page","link":"https:\/\/grupoprogresar.com\/en\/contacto\/","title":{"rendered":"Contact Us"},"content":{"rendered":"<h2 style=\"text-align: left; font-weight: bold;\">Contact Us<\/h2>\n<p>Please contact us if you have any doubts, questions or queries. We are here to help you.<\/p>\n<ul>\n<li>Highlands Ranch, CO, United States<\/li>\n<li>+1 303 260 9791<\/li>\n<\/ul>\n<ul>\n<li>Monday-Saturday: 8:00AM-6:00PM<br \/>\nSunday: CLOSED<\/li>\n<\/ul>\n<h4 style=\"text-align: left; font-weight: bold;\">Do you want a call back?<br \/>\nAdd your information and we will call you as soon as possible.<\/h4>\n<form action=\"\/wp-admin\/admin-ajax.php#wpcf7-f14989-o3\" method=\"post\" novalidate=\"novalidate\" aria-label=\"Contact form\" data-status=\"init\" data-trp-original-action=\"\/wp-admin\/admin-ajax.php#wpcf7-f14989-o3\"><input name=\"_wpcf7\" type=\"hidden\" value=\"14989\" \/><br \/>\n<input name=\"_wpcf7_version\" type=\"hidden\" value=\"5.8\" \/><br \/>\n<input name=\"_wpcf7_locale\" type=\"hidden\" value=\"en_US\" \/><br \/>\n<input name=\"_wpcf7_unit_tag\" type=\"hidden\" value=\"wpcf7-f14989-o3\" \/><br \/>\n<input name=\"_wpcf7_container_post\" type=\"hidden\" value=\"0\" \/><br \/>\n<input name=\"_wpcf7_posted_data_hash\" type=\"hidden\" value=\"\" \/><br \/>\n<input name=\"text-name\" size=\"40\" type=\"text\" value=\"\" placeholder=\"Enter first name\" aria-required=\"true\" aria-invalid=\"false\" \/><br \/>\n<input name=\"phone\" size=\"40\" type=\"tel\" value=\"\" placeholder=\"Phone\" aria-required=\"true\" aria-invalid=\"false\" \/><br \/>\n<select name=\"menu-269\" aria-invalid=\"false\"><option value=\"Business Services\">Business Services<\/option><option value=\"Financial Services\">Financial Services<\/option><option value=\"Energy &amp; Environment\">Energy &amp; Environment<\/option><\/select><br \/>\n<button type=\"submit\">submit <\/button><input type=\"hidden\" name=\"trp-form-language\" value=\"en\"\/><\/form>","protected":false},"excerpt":{"rendered":"<p>Cont\u00e1ctanos Por favor, cont\u00e1ctanos si tienes alguna duda, pregunta o consulta. Estamos aqu\u00ed para ayudarte. Highlands Ranch, CO, United States +1 303 260 9791 Lunes-S\u00e1bado: 8:00AM\u20136:00PM Domingo: CERRADO \u00bfQuieres que te llamemos? Agrega tus datos y te llamaremos a la brevedad. Business ServicesFinancial ServicesEnergy &amp; Environment submit<\/p>","protected":false},"author":6,"featured_media":0,"parent":0,"menu_order":0,"comment_status":"closed","ping_status":"closed","template":"","meta":{"footnotes":""},"class_list":["post-1184","page","type-page","status-publish","hentry"],"yoast_head":"<!-- This site is optimized with the Yoast SEO plugin v27.3 - https:\/\/yoast.com\/product\/yoast-seo-wordpress\/ -->\n<title>Contacto - Grupo Progresar<\/title>\n<meta name=\"description\" content=\"Contacto: aqu\u00ed tienes todos los medios de contacto si tienes alguna duda, pregunta o consulta. Estamos aqu\u00ed para ayudarte.\" \/>\n<meta name=\"robots\" content=\"index, follow, max-snippet:-1, max-image-preview:large, max-video-preview:-1\" \/>\n<link rel=\"canonical\" href=\"https:\/\/grupoprogresar.com\/en\/contacto\/\" \/>\n<meta property=\"og:locale\" content=\"en_US\" \/>\n<meta property=\"og:type\" content=\"article\" \/>\n<meta property=\"og:title\" content=\"Contacto - Grupo Progresar\" \/>\n<meta property=\"og:description\" content=\"Contacto: aqu\u00ed tienes todos los medios de contacto si tienes alguna duda, pregunta o consulta. Estamos aqu\u00ed para ayudarte.\" \/>\n<meta property=\"og:url\" content=\"https:\/\/grupoprogresar.com\/en\/contacto\/\" \/>\n<meta property=\"og:site_name\" content=\"Grupo Progresar\" \/>\n<meta property=\"article:modified_time\" content=\"2025-07-30T20:05:03+00:00\" \/>\n<meta name=\"twitter:card\" content=\"summary_large_image\" \/>\n<meta name=\"twitter:label1\" content=\"Est. reading time\" \/>\n\t<meta name=\"twitter:data1\" content=\"1 minute\" \/>\n<script type=\"application\/ld+json\" class=\"yoast-schema-graph\">{\"@context\":\"https:\\\/\\\/schema.org\",\"@graph\":[{\"@type\":\"WebPage\",\"@id\":\"https:\\\/\\\/grupoprogresar.com\\\/contacto\\\/\",\"url\":\"https:\\\/\\\/grupoprogresar.com\\\/contacto\\\/\",\"name\":\"Contacto - Grupo Progresar\",\"isPartOf\":{\"@id\":\"https:\\\/\\\/grupoprogresar.com\\\/#website\"},\"datePublished\":\"2017-02-08T09:59:59+00:00\",\"dateModified\":\"2025-07-30T20:05:03+00:00\",\"description\":\"Contacto: aqu\u00ed tienes todos los medios de contacto si tienes alguna duda, pregunta o consulta. Estamos aqu\u00ed para ayudarte.\",\"breadcrumb\":{\"@id\":\"https:\\\/\\\/grupoprogresar.com\\\/contacto\\\/#breadcrumb\"},\"inLanguage\":\"en-US\",\"potentialAction\":[{\"@type\":\"ReadAction\",\"target\":[\"https:\\\/\\\/grupoprogresar.com\\\/contacto\\\/\"]}]},{\"@type\":\"BreadcrumbList\",\"@id\":\"https:\\\/\\\/grupoprogresar.com\\\/contacto\\\/#breadcrumb\",\"itemListElement\":[{\"@type\":\"ListItem\",\"position\":1,\"name\":\"Home\",\"item\":\"https:\\\/\\\/grupoprogresar.com\\\/\"},{\"@type\":\"ListItem\",\"position\":2,\"name\":\"Contacto\"}]},{\"@type\":\"WebSite\",\"@id\":\"https:\\\/\\\/grupoprogresar.com\\\/#website\",\"url\":\"https:\\\/\\\/grupoprogresar.com\\\/\",\"name\":\"Grupo Progresar\",\"description\":\"Tu cr&eacute;dito. Tu hogar. Tu futuro.\",\"publisher\":{\"@id\":\"https:\\\/\\\/grupoprogresar.com\\\/#organization\"},\"potentialAction\":[{\"@type\":\"SearchAction\",\"target\":{\"@type\":\"EntryPoint\",\"urlTemplate\":\"https:\\\/\\\/grupoprogresar.com\\\/?s={search_term_string}\"},\"query-input\":{\"@type\":\"PropertyValueSpecification\",\"valueRequired\":true,\"valueName\":\"search_term_string\"}}],\"inLanguage\":\"en-US\"},{\"@type\":\"Organization\",\"@id\":\"https:\\\/\\\/grupoprogresar.com\\\/#organization\",\"name\":\"Grupo Progresar\",\"url\":\"https:\\\/\\\/grupoprogresar.com\\\/\",\"logo\":{\"@type\":\"ImageObject\",\"inLanguage\":\"en-US\",\"@id\":\"https:\\\/\\\/grupoprogresar.com\\\/#\\\/schema\\\/logo\\\/image\\\/\",\"url\":\"https:\\\/\\\/grupoprogresar.com\\\/wp-content\\\/uploads\\\/2023\\\/09\\\/GP-Logo.png\",\"contentUrl\":\"https:\\\/\\\/grupoprogresar.com\\\/wp-content\\\/uploads\\\/2023\\\/09\\\/GP-Logo.png\",\"width\":1921,\"height\":1081,\"caption\":\"Grupo Progresar\"},\"image\":{\"@id\":\"https:\\\/\\\/grupoprogresar.com\\\/#\\\/schema\\\/logo\\\/image\\\/\"}}]}<\/script>\n<!-- \/ Yoast SEO plugin. -->","yoast_head_json":{"title":"Contacto - Grupo Progresar","description":"Contacto: aqu\u00ed tienes todos los medios de contacto si tienes alguna duda, pregunta o consulta. Estamos aqu\u00ed para ayudarte.","robots":{"index":"index","follow":"follow","max-snippet":"max-snippet:-1","max-image-preview":"max-image-preview:large","max-video-preview":"max-video-preview:-1"},"canonical":"https:\/\/grupoprogresar.com\/en\/contacto\/","og_locale":"en_US","og_type":"article","og_title":"Contacto - Grupo Progresar","og_description":"Contacto: aqu\u00ed tienes todos los medios de contacto si tienes alguna duda, pregunta o consulta. Estamos aqu\u00ed para ayudarte.","og_url":"https:\/\/grupoprogresar.com\/en\/contacto\/","og_site_name":"Grupo Progresar","article_modified_time":"2025-07-30T20:05:03+00:00","twitter_card":"summary_large_image","twitter_misc":{"Est. reading time":"1 minute"},"schema":{"@context":"https:\/\/schema.org","@graph":[{"@type":"WebPage","@id":"https:\/\/grupoprogresar.com\/contacto\/","url":"https:\/\/grupoprogresar.com\/contacto\/","name":"Contacto - Grupo Progresar","isPartOf":{"@id":"https:\/\/grupoprogresar.com\/#website"},"datePublished":"2017-02-08T09:59:59+00:00","dateModified":"2025-07-30T20:05:03+00:00","description":"Contacto: aqu\u00ed tienes todos los medios de contacto si tienes alguna duda, pregunta o consulta. Estamos aqu\u00ed para ayudarte.","breadcrumb":{"@id":"https:\/\/grupoprogresar.com\/contacto\/#breadcrumb"},"inLanguage":"en-US","potentialAction":[{"@type":"ReadAction","target":["https:\/\/grupoprogresar.com\/contacto\/"]}]},{"@type":"BreadcrumbList","@id":"https:\/\/grupoprogresar.com\/contacto\/#breadcrumb","itemListElement":[{"@type":"ListItem","position":1,"name":"Home","item":"https:\/\/grupoprogresar.com\/"},{"@type":"ListItem","position":2,"name":"Contacto"}]},{"@type":"WebSite","@id":"https:\/\/grupoprogresar.com\/#website","url":"https:\/\/grupoprogresar.com\/","name":"Grupo Progresar","description":"Tu cr&eacute;dito. Tu hogar. Tu futuro.","publisher":{"@id":"https:\/\/grupoprogresar.com\/#organization"},"potentialAction":[{"@type":"SearchAction","target":{"@type":"EntryPoint","urlTemplate":"https:\/\/grupoprogresar.com\/?s={search_term_string}"},"query-input":{"@type":"PropertyValueSpecification","valueRequired":true,"valueName":"search_term_string"}}],"inLanguage":"en-US"},{"@type":"Organization","@id":"https:\/\/grupoprogresar.com\/#organization","name":"Grupo Progresar","url":"https:\/\/grupoprogresar.com\/","logo":{"@type":"ImageObject","inLanguage":"en-US","@id":"https:\/\/grupoprogresar.com\/#\/schema\/logo\/image\/","url":"https:\/\/grupoprogresar.com\/wp-content\/uploads\/2023\/09\/GP-Logo.png","contentUrl":"https:\/\/grupoprogresar.com\/wp-content\/uploads\/2023\/09\/GP-Logo.png","width":1921,"height":1081,"caption":"Grupo Progresar"},"image":{"@id":"https:\/\/grupoprogresar.com\/#\/schema\/logo\/image\/"}}]}},"_links":{"self":[{"href":"https:\/\/grupoprogresar.com\/en\/wp-json\/wp\/v2\/pages\/1184","targetHints":{"allow":["GET"]}}],"collection":[{"href":"https:\/\/grupoprogresar.com\/en\/wp-json\/wp\/v2\/pages"}],"about":[{"href":"https:\/\/grupoprogresar.com\/en\/wp-json\/wp\/v2\/types\/page"}],"author":[{"embeddable":true,"href":"https:\/\/grupoprogresar.com\/en\/wp-json\/wp\/v2\/users\/6"}],"replies":[{"embeddable":true,"href":"https:\/\/grupoprogresar.com\/en\/wp-json\/wp\/v2\/comments?post=1184"}],"version-history":[{"count":12,"href":"https:\/\/grupoprogresar.com\/en\/wp-json\/wp\/v2\/pages\/1184\/revisions"}],"predecessor-version":[{"id":19590,"href":"https:\/\/grupoprogresar.com\/en\/wp-json\/wp\/v2\/pages\/1184\/revisions\/19590"}],"wp:attachment":[{"href":"https:\/\/grupoprogresar.com\/en\/wp-json\/wp\/v2\/media?parent=1184"}],"curies":[{"name":"wp","href":"https:\/\/api.w.org\/{rel}","templated":true}]}}